{"id":1026,"date":"2025-04-07T18:47:26","date_gmt":"2025-04-07T16:47:26","guid":{"rendered":"https:\/\/www.emdr-traumatisme.fr\/site\/?page_id=1026"},"modified":"2025-04-07T18:47:28","modified_gmt":"2025-04-07T16:47:28","slug":"cas-concrets","status":"publish","type":"page","link":"https:\/\/www.emdr-traumatisme.fr\/site\/cas-concrets\/","title":{"rendered":"Cas concrets"},"content":{"rendered":"<p>[et_pb_section fb_built=\u00a0\u00bb1&Prime; fullwidth=\u00a0\u00bbon\u00a0\u00bb _builder_version=\u00a0\u00bb3.22&Prime; animation_style=\u00a0\u00bbfade\u00a0\u00bb][et_pb_fullwidth_image src=\u00a0\u00bbhttps:\/\/www.emdr-traumatisme.fr\/site\/wp-content\/uploads\/2025\/04\/frise15.jpg\u00a0\u00bb _builder_version=\u00a0\u00bb4.4.5&Prime;]<br \/>\n[\/et_pb_fullwidth_image][\/et_pb_section][et_pb_section fb_built=\u00a0\u00bb1&Prime; inner_shadow=\u00a0\u00bbon\u00a0\u00bb custom_padding_last_edited=\u00a0\u00bbon|desktop\u00a0\u00bb _builder_version=\u00a0\u00bb4.4.5&Prime; background_color=\u00a0\u00bb#ffffff\u00a0\u00bb parallax=\u00a0\u00bbon\u00a0\u00bb parallax_method=\u00a0\u00bboff\u00a0\u00bb custom_padding_tablet=\u00a0\u00bb50px|0|50px|0&Prime; custom_padding_phone=\u00a0\u00bb\u00a0\u00bb animation_style=\u00a0\u00bbfade\u00a0\u00bb transparent_background=\u00a0\u00bboff\u00a0\u00bb padding_mobile=\u00a0\u00bboff\u00a0\u00bb][et_pb_row column_structure=\u00a0\u00bb2_3,1_3&Prime; _builder_version=\u00a0\u00bb3.25&Prime; background_size=\u00a0\u00bbinitial\u00a0\u00bb background_position=\u00a0\u00bbtop_left\u00a0\u00bb background_repeat=\u00a0\u00bbrepeat\u00a0\u00bb][et_pb_column type=\u00a0\u00bb2_3&Prime; _builder_version=\u00a0\u00bb3.25&Prime; custom_padding=\u00a0\u00bb|||\u00a0\u00bb custom_padding__hover=\u00a0\u00bb|||\u00a0\u00bb][et_pb_text _builder_version=\u00a0\u00bb3.27.4&Prime; background_size=\u00a0\u00bbinitial\u00a0\u00bb background_position=\u00a0\u00bbtop_left\u00a0\u00bb background_repeat=\u00a0\u00bbrepeat\u00a0\u00bb use_border_color=\u00a0\u00bboff\u00a0\u00bb border_color=\u00a0\u00bb#ffffff\u00a0\u00bb border_style=\u00a0\u00bbsolid\u00a0\u00bb]<\/p>\n<p><a name=\"letraitement\"><\/a><\/p>\n<p>[\/et_pb_text][et_pb_text _builder_version=\u00a0\u00bb4.4.5&Prime; text_font=\u00a0\u00bb||||||||\u00a0\u00bb text_text_color=\u00a0\u00bb#000000&Prime; background_size=\u00a0\u00bbinitial\u00a0\u00bb background_position=\u00a0\u00bbtop_left\u00a0\u00bb background_repeat=\u00a0\u00bbrepeat\u00a0\u00bb background_layout=\u00a0\u00bbdark\u00a0\u00bb use_border_color=\u00a0\u00bboff\u00a0\u00bb border_color=\u00a0\u00bb#ffffff\u00a0\u00bb border_style=\u00a0\u00bbsolid\u00a0\u00bb]<\/p>\n<h2><span style=\"line-height: 24pt; color: #000000;\"><strong>Cas concrets des souffrances psychologiques trait\u00e9es par l&rsquo;EMDR<\/strong><\/span><\/h2>\n<p>[\/et_pb_text][et_pb_text _builder_version=\u00a0\u00bb4.4.5&Prime; text_font=\u00a0\u00bb||||||||\u00a0\u00bb text_text_color=\u00a0\u00bb#000000&Prime; background_size=\u00a0\u00bbinitial\u00a0\u00bb background_position=\u00a0\u00bbtop_left\u00a0\u00bb background_repeat=\u00a0\u00bbrepeat\u00a0\u00bb background_layout=\u00a0\u00bbdark\u00a0\u00bb use_border_color=\u00a0\u00bboff\u00a0\u00bb border_color=\u00a0\u00bb#ffffff\u00a0\u00bb border_style=\u00a0\u00bbsolid\u00a0\u00bb]<\/p>\n<p><strong>En permettant au cerveau de retraiter des souvenirs perturbants, l&rsquo;EMDR offre aux patients la possibilit\u00e9 de se lib\u00e9rer du poids du pass\u00e9.<\/strong><\/p>\n<p>Que ce soit pour des traumatismes visibles ou des douleurs plus diffuses, elle agit en profondeur, souvent plus rapidement que les approches traditionnelles. Voici pourquoi elle est prescrite, illustr\u00e9e par des cas concrets.<\/p>\n<p>[\/et_pb_text][et_pb_accordion open_toggle_text_color=\u00a0\u00bb#0462a0&Prime; open_toggle_background_color=\u00a0\u00bbrgba(255,255,255,0.05)\u00a0\u00bb closed_toggle_text_color=\u00a0\u00bb#0462a0&Prime; closed_toggle_background_color=\u00a0\u00bbrgba(255,255,255,0.05)\u00a0\u00bb _builder_version=\u00a0\u00bb4.4.5&Prime; toggle_font=\u00a0\u00bb|700|||||||\u00a0\u00bb body_font=\u00a0\u00bb||||||||\u00a0\u00bb body_text_color=\u00a0\u00bb#000000&Prime; custom_padding=\u00a0\u00bb30px|30px|20px|30px\u00a0\u00bb border_radii=\u00a0\u00bbon|7px|7px|7px|7px\u00a0\u00bb box_shadow_style=\u00a0\u00bbpreset1&Prime; box_shadow_blur=\u00a0\u00bb9px\u00a0\u00bb box_shadow_spread=\u00a0\u00bb2px\u00a0\u00bb box_shadow_color=\u00a0\u00bbrgba(163,163,163,0.3)\u00a0\u00bb use_border_color=\u00a0\u00bboff\u00a0\u00bb border_color=\u00a0\u00bb#ffffff\u00a0\u00bb border_style=\u00a0\u00bbsolid\u00a0\u00bb][et_pb_accordion_item title=\u00a0\u00bbJulie, 32 ans, victime d\u2019un accident de voiture\u00a0\u00bb open=\u00a0\u00bbon\u00a0\u00bb _builder_version=\u00a0\u00bb4.4.5&Prime;]<\/p>\n<p class=\"\" data-start=\"840\" data-end=\"1090\"><strong>Julie a \u00e9t\u00e9 percut\u00e9e \u00e0 un carrefour il y a deux ans. Depuis, elle est sujette \u00e0 des cauchemars, des sueurs froides au volant, et \u00e9vite m\u00eame de conduire seule. Bien qu\u2019elle n\u2019ait eu que des blessures physiques mineures, elle revit la sc\u00e8ne sans cesse<\/strong>.<\/p>\n<p class=\"\" data-start=\"1092\" data-end=\"1465\">Apr\u00e8s quelques s\u00e9ances d\u2019EMDR, au cours desquelles elle s\u2019est concentr\u00e9e sur le moment de l\u2019impact tout en suivant les doigts du th\u00e9rapeute, Julie a pu peu \u00e0 peu se \u00ab\u00a0d\u00e9tacher\u00a0\u00bb \u00e9motionnellement du souvenir. Elle se rappelle encore de l\u2019accident, mais sans l\u2019intensit\u00e9 \u00e9motionnelle qui l\u2019emp\u00eachait de vivre normalement. Elle a repris la route progressivement, avec confiance.<\/p>\n<p class=\"\" data-start=\"1467\" data-end=\"1617\"><strong data-start=\"1470\" data-end=\"1494\">Pourquoi \u00e7a marche ?<\/strong> Parce que l\u2019EMDR aide le cerveau \u00e0 reclasser l\u2019\u00e9v\u00e9nement dans le pass\u00e9, au lieu qu\u2019il soit sans cesse \u00ab\u00a0rejou\u00e9\u00a0\u00bb au pr\u00e9sent.<\/p>\n<p>[\/et_pb_accordion_item][et_pb_accordion_item title=\u00a0\u00bbSamir, 24 ans, \u00e9tudiant sujet \u00e0 des attaques de panique\u00a0\u00bb _builder_version=\u00a0\u00bb4.4.5&Prime; open=\u00a0\u00bboff\u00a0\u00bb]<\/p>\n<p class=\"\" data-start=\"1766\" data-end=\"2122\"><strong>Samir consulte pour des crises d\u2019angoisse survenant sans raison apparente : palpitations, sueurs, impression de mourir.<\/strong><\/p>\n<p>Lors de l\u2019entretien, rien de traumatique ne semble expliquer ses sympt\u00f4mes. Mais en creusant avec l\u2019EMDR, un souvenir d\u2019enfance \u00e9merge : \u00e0 9 ans, il s\u2019est retrouv\u00e9 enferm\u00e9 seul dans une cave durant plusieurs heures, en pleine obscurit\u00e9.<\/p>\n<p class=\"\" data-start=\"2124\" data-end=\"2371\">Ce souvenir, oubli\u00e9 consciemment, \u00e9tait encore actif dans son syst\u00e8me nerveux. En retraitant cette exp\u00e9rience avec l\u2019EMDR, Samir voit la fr\u00e9quence de ses crises chuter et retrouve un sentiment de s\u00e9curit\u00e9 qu\u2019il n\u2019avait plus connu depuis longtemps.<\/p>\n<p class=\"\" data-start=\"2373\" data-end=\"2587\"><strong data-start=\"2376\" data-end=\"2400\">Pourquoi \u00e7a marche ?<\/strong> Parce que l\u2019EMDR va chercher non seulement les \u00e9v\u00e9nements \u00e9vidents, mais aussi les \u00ab\u00a0micro-traumatismes\u00a0\u00bb ou les souvenirs sensoriels non int\u00e9gr\u00e9s, souvent \u00e0 l\u2019origine de troubles anxieux.<\/p>\n<p>[\/et_pb_accordion_item][et_pb_accordion_item title=\u00a0\u00bbClaire, 45 ans, en d\u00e9pression depuis un divorce\u00a0\u00bb _builder_version=\u00a0\u00bb4.4.5&Prime; open=\u00a0\u00bboff\u00a0\u00bb]<\/p>\n<p class=\"\" data-start=\"2726\" data-end=\"3032\"><strong>Claire vit une d\u00e9pression s\u00e9v\u00e8re depuis son divorce il y a trois ans. Au-del\u00e0 de la s\u00e9paration, elle \u00e9voque un profond sentiment d\u2019abandon et d\u2019inutilit\u00e9.<\/strong><\/p>\n<p>En EMDR, son th\u00e9rapeute identifie un lien avec son pass\u00e9 : son p\u00e8re, alcoolique, l\u2019a souvent \u00ab\u00a0oubli\u00e9e\u00a0\u00bb \u00e0 la sortie de l\u2019\u00e9cole lorsqu\u2019elle \u00e9tait enfant.<\/p>\n<p class=\"\" data-start=\"3034\" data-end=\"3323\">Ces exp\u00e9riences r\u00e9p\u00e9t\u00e9es ont fa\u00e7onn\u00e9 une croyance inconsciente : \u00ab\u00a0je ne m\u00e9rite pas d\u2019\u00eatre aim\u00e9e\u00a0\u00bb. En travaillant sur ces souvenirs avec l\u2019EMDR, Claire commence \u00e0 remettre en question ces sch\u00e9mas de pens\u00e9e n\u00e9gatifs, \u00e0 regagner une estime de soi, et \u00e0 sortir lentement de son \u00e9tat d\u00e9pressif.<\/p>\n<p class=\"\" data-start=\"3325\" data-end=\"3501\"><strong data-start=\"3328\" data-end=\"3352\">Pourquoi \u00e7a marche ?<\/strong> Parce que l\u2019EMDR ne se contente pas de traiter les sympt\u00f4mes, mais va chercher les racines affectives et inconscientes qui alimentent la souffrance.<\/p>\n<p>[\/et_pb_accordion_item][et_pb_accordion_item title=\u00a0\u00bbHugo, 38 ans, phobie de l\u2019avion\u00a0\u00bb _builder_version=\u00a0\u00bb4.4.5&Prime; open=\u00a0\u00bboff\u00a0\u00bb]<\/p>\n<p class=\"\" data-start=\"3612\" data-end=\"3914\"><strong>Hugo \u00e9vite les voyages en avion depuis 15 ans. Il transpire abondamment rien qu\u2019en voyant un tarmac.<\/strong><\/p>\n<p>En discutant, il se souvient d\u2019un vol o\u00f9, adolescent, il avait paniqu\u00e9 pendant une turbulence s\u00e9v\u00e8re, tandis que les adultes minimisaient la situation. Il s\u2019\u00e9tait senti pi\u00e9g\u00e9, incompris, et impuissant.<\/p>\n<p class=\"\" data-start=\"3916\" data-end=\"4163\">En EMDR, il retravaille ce souvenir sp\u00e9cifique, associ\u00e9 \u00e0 un sentiment de terreur fig\u00e9. Apr\u00e8s plusieurs s\u00e9ances, sa peur devient plus g\u00e9rable. Il finit par r\u00e9ussir \u00e0 monter dans un avion court-courrier, chose inimaginable quelques mois auparavant.<\/p>\n<p class=\"\" data-start=\"4165\" data-end=\"4318\"><strong data-start=\"4168\" data-end=\"4192\">Pourquoi \u00e7a marche ?<\/strong> Parce que l\u2019EMDR permet de revisiter la sc\u00e8ne initiale de la phobie en \u00ab\u00a0d\u00e9sactivant\u00a0\u00bb la charge \u00e9motionnelle qui l\u2019accompagne.<\/p>\n<p>[\/et_pb_accordion_item][et_pb_accordion_item title=\u00a0\u00bbM\u00e9lanie, 29 ans, hypersensible et \u00e9puis\u00e9e par la th\u00e9rapie classique\u00a0\u00bb _builder_version=\u00a0\u00bb4.4.5&Prime; open=\u00a0\u00bboff\u00a0\u00bb]<\/p>\n<p class=\"\" data-start=\"4463\" data-end=\"4831\"><strong>Apr\u00e8s plusieurs ann\u00e9es de th\u00e9rapie verbale, M\u00e9lanie se sent bloqu\u00e9e. Elle a tout analys\u00e9, mais sa souffrance reste pr\u00e9sente. Elle d\u00e9cide d\u2019essayer l\u2019EMDR.<\/strong><\/p>\n<p>Rapidement, elle identifie des souvenirs marquants, souvent anodins en apparence (moqueries \u00e0 l\u2019\u00e9cole, sentiment de rejet familial). Ces \u00e9pisodes, qu\u2019elle croyait dig\u00e9r\u00e9s, \u00e9taient encore \u00e9motionnellement \u00ab\u00a0actifs\u00a0\u00bb.<\/p>\n<p class=\"\" data-start=\"4833\" data-end=\"4998\">En quelques mois, elle rapporte une am\u00e9lioration marqu\u00e9e : plus d\u2019apaisement, moins d\u2019hyper-r\u00e9activit\u00e9 \u00e9motionnelle. Elle ressent m\u00eame que \u00ab\u00a0son corps respire mieux\u00a0\u00bb.<\/p>\n<p class=\"\" data-start=\"5000\" data-end=\"5192\"><strong data-start=\"5003\" data-end=\"5027\">Pourquoi \u00e7a marche ?<\/strong> Parce que l\u2019EMDR s\u2019adresse au cerveau \u00e9motionnel, l\u00e0 o\u00f9 la parole n\u2019acc\u00e8de pas toujours. Il ne s\u2019agit pas seulement de comprendre, mais de <em data-start=\"5167\" data-end=\"5191\">ressentir diff\u00e9remment<\/em>.<\/p>\n<p>[\/et_pb_accordion_item][\/et_pb_accordion][\/et_pb_column][et_pb_column type=\u00a0\u00bb1_3&Prime; _builder_version=\u00a0\u00bb3.25&Prime; custom_padding=\u00a0\u00bb|||\u00a0\u00bb custom_padding__hover=\u00a0\u00bb|||\u00a0\u00bb][et_pb_image src=\u00a0\u00bbhttps:\/\/www.emdr-traumatisme.fr\/site\/wp-content\/uploads\/2021\/05\/docteur-david-fischler.jpg\u00a0\u00bb align=\u00a0\u00bbcenter\u00a0\u00bb align_tablet=\u00a0\u00bbcenter\u00a0\u00bb align_phone=\u00a0\u00bb\u00a0\u00bb align_last_edited=\u00a0\u00bbon|desktop\u00a0\u00bb _builder_version=\u00a0\u00bb3.23&Prime; box_shadow_style=\u00a0\u00bbpreset3&Prime; animation=\u00a0\u00bboff\u00a0\u00bb use_border_color=\u00a0\u00bboff\u00a0\u00bb border_color=\u00a0\u00bb#ffffff\u00a0\u00bb border_style=\u00a0\u00bbsolid\u00a0\u00bb sticky=\u00a0\u00bboff\u00a0\u00bb]<\/p>\n<p>&nbsp;<\/p>\n<p>[\/et_pb_image][et_pb_text _builder_version=\u00a0\u00bb4.4.5&Prime; text_font=\u00a0\u00bb||||||||\u00a0\u00bb text_text_color=\u00a0\u00bb#000000&Prime; header_font=\u00a0\u00bb||||||||\u00a0\u00bb header_4_font=\u00a0\u00bb||||||||\u00a0\u00bb header_4_text_color=\u00a0\u00bb#000000&Prime; background_image=\u00a0\u00bbhttps:\/\/www.emdr-traumatisme.fr\/site\/wp-content\/uploads\/2019\/01\/fond14-para.jpg\u00a0\u00bb background_size=\u00a0\u00bbinitial\u00a0\u00bb background_position=\u00a0\u00bbtop_left\u00a0\u00bb background_repeat=\u00a0\u00bbrepeat\u00a0\u00bb background_layout=\u00a0\u00bbdark\u00a0\u00bb custom_padding=\u00a0\u00bb30px|30px|30px|30px\u00a0\u00bb border_radii=\u00a0\u00bbon|7px|7px|7px|7px\u00a0\u00bb use_border_color=\u00a0\u00bboff\u00a0\u00bb border_color=\u00a0\u00bb#ffffff\u00a0\u00bb border_style=\u00a0\u00bbsolid\u00a0\u00bb]<\/p>\n<h4><span style=\"color: #000000; line-height: 20pt;\"><strong>Les s\u00e9ances sont assur\u00e9es par le Dr. Fischler<\/strong> <\/span><\/h4>\n<p><span style=\"color: #000000;\">M\u00e9decin de formation, psychanalyste et psychoth\u00e9rapeute, il est install\u00e9 \u00e0 Nice, depuis 2014, apr\u00e8s avoir travaill\u00e9 13 ann\u00e9es sur Paris.<\/span><\/p>\n<p><span style=\"color: #000000;\">Form\u00e9 \u00e0 la facult\u00e9 de m\u00e9decine de Nice Sophia Antipolis puis sp\u00e9cialis\u00e9 \u00e0 la Piti\u00e9 Salp\u00eatri\u00e8re, dans le service du Professeur Cohen, il a suivi la formation EMDR dispens\u00e9 par l\u2019institut Fran\u00e7ais d\u2019EMDR, seul institut en France agr\u00e9\u00e9 par Francine Shapiro elle-m\u00eame ; les contenus p\u00e9dagogiques sont valid\u00e9s par EMDR France et EMDR Europe.<\/span><\/p>\n<p><span style=\"color: #000000;\">Le docteur Fischler a suivi trois dipl\u00f4mes universitaires compl\u00e9mentaires (DU de Sid\u00e9nologie, DU Psychopathologie de l\u2019enfant et de l\u2019adolescent, D.U de m\u00e9decine de la personne \u00e2g\u00e9e).<\/span><\/p>\n<p><span style=\"color: #000000;\"><strong>Son activit\u00e9 est principalement r\u00e9alis\u00e9e en cabinet lib\u00e9ral.<\/strong><\/span><\/p>\n<p><span style=\"color: #000000;\"><strong>Le docteur Fischler intervient \u00e9galement au sein d&rsquo;\u00e9tablissements hospitaliers.<\/strong><\/span><\/p>\n<p>[\/et_pb_text][\/et_pb_column][\/et_pb_row][\/et_pb_section]<\/p>\n","protected":false},"excerpt":{"rendered":"<p>[et_pb_section fb_built=\u00a0\u00bb1&Prime; fullwidth=\u00a0\u00bbon\u00a0\u00bb _builder_version=\u00a0\u00bb3.22&Prime; animation_style=\u00a0\u00bbfade\u00a0\u00bb][et_pb_fullwidth_image src=\u00a0\u00bbhttps:\/\/www.emdr-traumatisme.fr\/site\/wp-content\/uploads\/2025\/04\/frise15.jpg\u00a0\u00bb _builder_version=\u00a0\u00bb4.4.5&Prime;] [\/et_pb_fullwidth_image][\/et_pb_section][et_pb_section fb_built=\u00a0\u00bb1&Prime; inner_shadow=\u00a0\u00bbon\u00a0\u00bb custom_padding_last_edited=\u00a0\u00bbon|desktop\u00a0\u00bb _builder_version=\u00a0\u00bb4.4.5&Prime; background_color=\u00a0\u00bb#ffffff\u00a0\u00bb parallax=\u00a0\u00bbon\u00a0\u00bb parallax_method=\u00a0\u00bboff\u00a0\u00bb custom_padding_tablet=\u00a0\u00bb50px|0|50px|0&Prime; custom_padding_phone=\u00a0\u00bb\u00a0\u00bb animation_style=\u00a0\u00bbfade\u00a0\u00bb transparent_background=\u00a0\u00bboff\u00a0\u00bb padding_mobile=\u00a0\u00bboff\u00a0\u00bb][et_pb_row column_structure=\u00a0\u00bb2_3,1_3&Prime; _builder_version=\u00a0\u00bb3.25&Prime; background_size=\u00a0\u00bbinitial\u00a0\u00bb background_position=\u00a0\u00bbtop_left\u00a0\u00bb background_repeat=\u00a0\u00bbrepeat\u00a0\u00bb][et_pb_column type=\u00a0\u00bb2_3&Prime; _builder_version=\u00a0\u00bb3.25&Prime; custom_padding=\u00a0\u00bb|||\u00a0\u00bb custom_padding__hover=\u00a0\u00bb|||\u00a0\u00bb][et_pb_text _builder_version=\u00a0\u00bb3.27.4&Prime; background_size=\u00a0\u00bbinitial\u00a0\u00bb background_position=\u00a0\u00bbtop_left\u00a0\u00bb background_repeat=\u00a0\u00bbrepeat\u00a0\u00bb use_border_color=\u00a0\u00bboff\u00a0\u00bb border_color=\u00a0\u00bb#ffffff\u00a0\u00bb border_style=\u00a0\u00bbsolid\u00a0\u00bb] [\/et_pb_text][et_pb_text _builder_version=\u00a0\u00bb4.4.5&Prime; text_font=\u00a0\u00bb||||||||\u00a0\u00bb text_text_color=\u00a0\u00bb#000000&Prime; background_size=\u00a0\u00bbinitial\u00a0\u00bb background_position=\u00a0\u00bbtop_left\u00a0\u00bb background_repeat=\u00a0\u00bbrepeat\u00a0\u00bb background_layout=\u00a0\u00bbdark\u00a0\u00bb use_border_color=\u00a0\u00bboff\u00a0\u00bb border_color=\u00a0\u00bb#ffffff\u00a0\u00bb border_style=\u00a0\u00bbsolid\u00a0\u00bb] Cas concrets des souffrances psychologiques trait\u00e9es par l&rsquo;EMDR [&hellip;]<\/p>\n","protected":false},"author":1,"featured_media":0,"parent":0,"menu_order":0,"comment_status":"closed","ping_status":"closed","template":"","meta":{"_et_pb_use_builder":"on","_et_pb_old_content":"","_et_gb_content_width":"","footnotes":""},"class_list":["post-1026","page","type-page","status-publish","hentry"],"_links":{"self":[{"href":"https:\/\/www.emdr-traumatisme.fr\/site\/wp-json\/wp\/v2\/pages\/1026","targetHints":{"allow":["GET"]}}],"collection":[{"href":"https:\/\/www.emdr-traumatisme.fr\/site\/wp-json\/wp\/v2\/pages"}],"about":[{"href":"https:\/\/www.emdr-traumatisme.fr\/site\/wp-json\/wp\/v2\/types\/page"}],"author":[{"embeddable":true,"href":"https:\/\/www.emdr-traumatisme.fr\/site\/wp-json\/wp\/v2\/users\/1"}],"replies":[{"embeddable":true,"href":"https:\/\/www.emdr-traumatisme.fr\/site\/wp-json\/wp\/v2\/comments?post=1026"}],"version-history":[{"count":9,"href":"https:\/\/www.emdr-traumatisme.fr\/site\/wp-json\/wp\/v2\/pages\/1026\/revisions"}],"predecessor-version":[{"id":1043,"href":"https:\/\/www.emdr-traumatisme.fr\/site\/wp-json\/wp\/v2\/pages\/1026\/revisions\/1043"}],"wp:attachment":[{"href":"https:\/\/www.emdr-traumatisme.fr\/site\/wp-json\/wp\/v2\/media?parent=1026"}],"curies":[{"name":"wp","href":"https:\/\/api.w.org\/{rel}","templated":true}]}}